{"id":4496,"date":"2025-08-10T05:26:57","date_gmt":"2025-08-10T05:26:57","guid":{"rendered":"https:\/\/spiridonpapatha.wpgamma.com\/datenschutzrichtlinie\/"},"modified":"2025-12-10T03:26:38","modified_gmt":"2025-12-10T03:26:38","slug":"datenschutzrichtlinie","status":"publish","type":"page","link":"https:\/\/spiridonpapatha.wpgamma.com\/de\/datenschutzrichtlinie\/","title":{"rendered":"Datenschutzrichtlinie"},"content":{"rendered":"\t\t<div data-elementor-type=\"wp-page\" data-elementor-id=\"4496\" class=\"elementor elementor-4496 elementor-3\" data-elementor-post-type=\"page\">\n\t\t\t\t<div class=\"elementor-element elementor-element-40b5fc2e e-flex e-con-boxed e-con e-parent\" data-id=\"40b5fc2e\" data-element_type=\"container\">\n\t\t\t\t\t<div class=\"e-con-inner\">\n\t\t\t\t<div class=\"elementor-element elementor-element-135b01cc elementor-widget elementor-widget-text-editor\" data-id=\"135b01cc\" data-element_type=\"widget\" data-widget_type=\"text-editor.default\">\n\t\t\t\t\t\t\t\t\t\n<h2 class=\"wp-block-heading\">Wer wir sind<\/h2>\n\n\n<p><strong class=\"privacy-policy-tutorial\">Vorschlag:<\/strong> Unsere Website-Adresse lautet: https:\/\/spiridonpapatha.wpgamma.com.<\/p>\n\n\n<h2 class=\"wp-block-heading\">Kommentare<\/h2>\n\n\n<p><strong class=\"privacy-policy-tutorial\">Vorschlag:<\/strong> Wenn Besucher Kommentare auf der Website hinterlassen, erfassen wir die im Kommentarformular angezeigten Daten sowie die IP-Adresse des Besuchers und die Browser-User-Agent-Zeichenfolge, um die Spamerkennung zu unterst\u00fctzen.<\/p>\n\n\n<p>Eine anonymisierte Zeichenfolge, die aus Ihrer E-Mail-Adresse erstellt wurde (auch Hash genannt), kann dem Gravatar-Dienst zur Verf\u00fcgung gestellt werden, um zu pr\u00fcfen, ob Sie diesen verwenden. Die Datenschutzrichtlinie des Gravatar-Dienstes finden Sie hier: https:\/\/automattic.com\/privacy\/. Nach Freigabe Ihres Kommentars ist Ihr Profilbild im Kontext Ihres Kommentars \u00f6ffentlich sichtbar. <\/p>\n\n\n<h2 class=\"wp-block-heading\">Medien<\/h2>\n\n\n<p><strong class=\"privacy-policy-tutorial\">Vorschlag:<\/strong> Wenn Sie Bilder auf die Website hochladen, sollten Sie vermeiden, Bilder mit eingebetteten Standortdaten (EXIF GPS) hochzuladen. Besucher der Website k\u00f6nnen Standortdaten aus Bildern auf der Website herunterladen und extrahieren. <\/p>\n\n\n<h2 class=\"wp-block-heading\">Cookies<\/h2>\n\n\n<p><strong class=\"privacy-policy-tutorial\">Vorschlag:<\/strong> Wenn Sie einen Kommentar auf unserer Website hinterlassen, k\u00f6nnen Sie der Speicherung Ihres Namens, Ihrer E-Mail-Adresse und Ihrer Website in Cookies zustimmen. Dies dient Ihrer Bequemlichkeit, damit Sie Ihre Daten nicht erneut eingeben m\u00fcssen, wenn Sie einen weiteren Kommentar hinterlassen. Diese Cookies sind ein Jahr lang g\u00fcltig.  <\/p>\n\n\n<p>Wenn Sie unsere Anmeldeseite besuchen, setzen wir ein tempor\u00e4res Cookie, um festzustellen, ob Ihr Browser Cookies akzeptiert. Dieses Cookie enth\u00e4lt keine pers\u00f6nlichen Daten und wird verworfen, wenn Sie Ihren Browser schlie\u00dfen. <\/p>\n\n\n<p>Wenn Sie sich anmelden, setzen wir auch mehrere Cookies, um Ihre Anmeldeinformationen und Ihre Bildschirmanzeigewahlen zu speichern. Anmelde-Cookies sind zwei Tage lang g\u00fcltig, und Cookies f\u00fcr Bildschirmanzeigeoptionen sind ein Jahr lang g\u00fcltig. Wenn Sie \u201eAngemeldet bleiben\u201c ausw\u00e4hlen, bleibt Ihre Anmeldung zwei Wochen lang bestehen. Wenn Sie sich von Ihrem Konto abmelden, werden die Anmelde-Cookies entfernt.   <\/p>\n\n\n<p>Wenn Sie einen Artikel bearbeiten oder ver\u00f6ffentlichen, wird ein zus\u00e4tzliches Cookie in Ihrem Browser gespeichert. Dieses Cookie enth\u00e4lt keine pers\u00f6nlichen Daten und gibt lediglich die Beitrags-ID des Artikels an, den Sie gerade bearbeitet haben. Es l\u00e4uft nach einem Tag ab.  <\/p>\n\n\n<h2 class=\"wp-block-heading\">Eingebettete Inhalte von anderen Websites<\/h2>\n\n\n<p><strong class=\"privacy-policy-tutorial\">Vorschlag:<\/strong> Artikel auf dieser Website k\u00f6nnen eingebettete Inhalte enthalten (z. B. Videos, Bilder, Artikel usw.). <\/p>\n\n\n<p>Diese Websites k\u00f6nnen Daten \u00fcber Sie sammeln, Cookies verwenden, zus\u00e4tzliches Tracking durch Dritte einbetten und Ihre Interaktion mit diesen eingebetteten Inhalten \u00fcberwachen, einschlie\u00dflich der Verfolgung Ihrer Interaktion mit den eingebetteten Inhalten, wenn Sie ein Konto haben und auf dieser Website angemeldet sind.<\/p>\n\n\n<h2 class=\"wp-block-heading\">An wen wir Ihre Daten weitergeben<\/h2>\n\n\n<p><strong class=\"privacy-policy-tutorial\">Vorschlag:<\/strong> Wenn Sie eine Passwortzur\u00fccksetzung anfordern, wird Ihre IP-Adresse in die E-Mail zur Zur\u00fccksetzung aufgenommen.<\/p>\n\n\n<h2 class=\"wp-block-heading\">Wie lange wir Ihre Daten speichern<\/h2>\n\n\n<p><strong class=\"privacy-policy-tutorial\">Vorschlag:<\/strong> Wenn Sie einen Kommentar hinterlassen, werden der Kommentar und seine Metadaten unbegrenzt aufbewahrt. Dies dient dazu, dass wir Folgekommentare automatisch erkennen und freigeben k\u00f6nnen, anstatt sie in einer Moderationswarteschlange zu halten. <\/p>\n\n\n<p>F\u00fcr Benutzer, die sich auf unserer Website registrieren (falls vorhanden), speichern wir auch die pers\u00f6nlichen Informationen, die sie in ihrem Benutzerprofil angeben. Alle Benutzer k\u00f6nnen ihre pers\u00f6nlichen Daten jederzeit einsehen, bearbeiten oder l\u00f6schen (au\u00dfer ihrem Benutzernamen). Website-Administratoren k\u00f6nnen diese Informationen ebenfalls einsehen und bearbeiten.  <\/p>\n\n\n<h2 class=\"wp-block-heading\">Welche Rechte Sie an Ihren Daten haben<\/h2>\n\n\n<p><strong class=\"privacy-policy-tutorial\">Vorschlag:<\/strong> Wenn Sie ein Konto auf dieser Website haben oder Kommentare hinterlassen haben, k\u00f6nnen Sie eine exportierte Datei der personenbezogenen Daten, die wir \u00fcber Sie gespeichert haben, anfordern, einschlie\u00dflich aller Daten, die Sie uns zur Verf\u00fcgung gestellt haben. Sie k\u00f6nnen auch verlangen, dass wir alle personenbezogenen Daten l\u00f6schen, die wir \u00fcber Sie gespeichert haben. Dies gilt nicht f\u00fcr Daten, die wir aufgrund von Verwaltungs-, Rechts- oder Sicherheitszwecken aufbewahren m\u00fcssen.  <\/p>\n\n\n<h2 class=\"wp-block-heading\">Wohin Ihre Daten gesendet werden<\/h2>\n\n\n<p><strong class=\"privacy-policy-tutorial\">Vorschlag:<\/strong> BesucherkKommentare k\u00f6nnen \u00fcber einen automatisierten Spamerkennungsdienst gepr\u00fcft werden.<\/p>\n\n\t\t\t\t\t\t\t\t<\/div>\n\t\t\t\t\t<\/div>\n\t\t\t\t<\/div>\n\t\t\t\t<\/div>\n\t\t","protected":false},"excerpt":{"rendered":"<p>Wer wir sind Vorschlag: Unsere Website-Adresse lautet: https:\/\/spiridonpapatha.wpgamma.com. Kommentare Vorschlag: Wenn Besucher Kommentare auf der Website hinterlassen, erfassen wir die [&hellip;]<\/p>\n","protected":false},"author":1,"featured_media":0,"parent":0,"menu_order":0,"comment_status":"closed","ping_status":"open","template":"elementor_header_footer","meta":{"site-sidebar-layout":"default","site-content-layout":"","ast-site-content-layout":"default","site-content-style":"default","site-sidebar-style":"default","ast-global-header-display":"","ast-banner-title-visibility":"","ast-main-header-display":"","ast-hfb-above-header-display":"","ast-hfb-below-header-display":"","ast-hfb-mobile-header-display":"","site-post-title":"","ast-breadcrumbs-content":"","ast-featured-img":"","footer-sml-layout":"","theme-transparent-header-meta":"","adv-header-id-meta":"","stick-header-meta":"","header-above-stick-meta":"","header-main-stick-meta":"","header-below-stick-meta":"","astra-migrate-meta-layouts":"default","ast-page-background-enabled":"default","ast-page-background-meta":{"desktop":{"background-color":"var(--ast-global-color-5)","background-image":"","background-repeat":"repeat","background-position":"center center","background-size":"auto","background-attachment":"scroll","background-type":"","background-media":"","overlay-type":"","overlay-color":"","overlay-opacity":"","overlay-gradient":""},"tablet":{"background-color":"","background-image":"","background-repeat":"repeat","background-position":"center center","background-size":"auto","background-attachment":"scroll","background-type":"","background-media":"","overlay-type":"","overlay-color":"","overlay-opacity":"","overlay-gradient":""},"mobile":{"background-color":"","background-image":"","background-repeat":"repeat","background-position":"center center","background-size":"auto","background-attachment":"scroll","background-type":"","background-media":"","overlay-type":"","overlay-color":"","overlay-opacity":"","overlay-gradient":""}},"ast-content-background-meta":{"desktop":{"background-color":"var(--ast-global-color-4)","background-image":"","background-repeat":"repeat","background-position":"center center","background-size":"auto","background-attachment":"scroll","background-type":"","background-media":"","overlay-type":"","overlay-color":"","overlay-opacity":"","overlay-gradient":""},"tablet":{"background-color":"var(--ast-global-color-4)","background-image":"","background-repeat":"repeat","background-position":"center center","background-size":"auto","background-attachment":"scroll","background-type":"","background-media":"","overlay-type":"","overlay-color":"","overlay-opacity":"","overlay-gradient":""},"mobile":{"background-color":"var(--ast-global-color-4)","background-image":"","background-repeat":"repeat","background-position":"center center","background-size":"auto","background-attachment":"scroll","background-type":"","background-media":"","overlay-type":"","overlay-color":"","overlay-opacity":"","overlay-gradient":""}},"footnotes":""},"class_list":["post-4496","page","type-page","status-publish","hentry"],"_links":{"self":[{"href":"https:\/\/spiridonpapatha.wpgamma.com\/de\/wp-json\/wp\/v2\/pages\/4496","targetHints":{"allow":["GET"]}}],"collection":[{"href":"https:\/\/spiridonpapatha.wpgamma.com\/de\/wp-json\/wp\/v2\/pages"}],"about":[{"href":"https:\/\/spiridonpapatha.wpgamma.com\/de\/wp-json\/wp\/v2\/types\/page"}],"author":[{"embeddable":true,"href":"https:\/\/spiridonpapatha.wpgamma.com\/de\/wp-json\/wp\/v2\/users\/1"}],"replies":[{"embeddable":true,"href":"https:\/\/spiridonpapatha.wpgamma.com\/de\/wp-json\/wp\/v2\/comments?post=4496"}],"version-history":[{"count":3,"href":"https:\/\/spiridonpapatha.wpgamma.com\/de\/wp-json\/wp\/v2\/pages\/4496\/revisions"}],"predecessor-version":[{"id":4499,"href":"https:\/\/spiridonpapatha.wpgamma.com\/de\/wp-json\/wp\/v2\/pages\/4496\/revisions\/4499"}],"wp:attachment":[{"href":"https:\/\/spiridonpapatha.wpgamma.com\/de\/wp-json\/wp\/v2\/media?parent=4496"}],"curies":[{"name":"wp","href":"https:\/\/api.w.org\/{rel}","templated":true}]}}