{"id":4414,"date":"2025-08-10T06:36:38","date_gmt":"2025-08-10T06:36:38","guid":{"rendered":"https:\/\/spiridonpapatha.wpgamma.com\/ueber-mich\/"},"modified":"2025-12-11T02:25:45","modified_gmt":"2025-12-11T02:25:45","slug":"ueber-mich","status":"publish","type":"page","link":"https:\/\/spiridonpapatha.wpgamma.com\/de\/ueber-mich\/","title":{"rendered":"\u00dcber mich"},"content":{"rendered":"\t\t<div data-elementor-type=\"wp-page\" data-elementor-id=\"4414\" class=\"elementor elementor-4414 elementor-50\" data-elementor-post-type=\"page\">\n\t\t\t\t\t\t<section class=\"elementor-section elementor-top-section elementor-element elementor-element-4c52cca1 elementor-section-boxed elementor-section-height-default elementor-section-height-default\" data-id=\"4c52cca1\" data-element_type=\"section\" data-settings=\"{&quot;background_background&quot;:&quot;classic&quot;}\">\n\t\t\t\t\t\t\t<div class=\"elementor-background-overlay\"><\/div>\n\t\t\t\t\t\t\t<div class=\"elementor-container elementor-column-gap-default\">\n\t\t\t\t\t<div class=\"elementor-column elementor-col-100 elementor-top-column elementor-element elementor-element-3500bb28 elementor-invisible\" data-id=\"3500bb28\" data-element_type=\"column\" data-settings=\"{&quot;animation&quot;:&quot;fadeIn&quot;,&quot;animation_delay&quot;:300}\">\n\t\t\t<div class=\"elementor-widget-wrap elementor-element-populated\">\n\t\t\t\t\t\t<div class=\"elementor-element elementor-element-427fd2fd elementor-widget elementor-widget-heading\" data-id=\"427fd2fd\" data-element_type=\"widget\" data-widget_type=\"heading.default\">\n\t\t\t\t\t<h1 class=\"elementor-heading-title elementor-size-default\">\u00dcber mich<\/h1>\t\t\t\t<\/div>\n\t\t\t\t<div class=\"elementor-element elementor-element-5e3f1a20 elementor-widget elementor-widget-text-editor\" data-id=\"5e3f1a20\" data-element_type=\"widget\" data-widget_type=\"text-editor.default\">\n\t\t\t\t\t\t\t\t\t<p>Leidenschaftlicher Tattoo-K\u00fcnstler, der sich der Schaffung einzigartiger, hochwertiger Designs verschrieben hat, die Ihre Geschichte, Ihren Stil und Ihren pers\u00f6nlichen Ausdruck widerspiegeln.<\/p>\t\t\t\t\t\t\t\t<\/div>\n\t\t\t\t\t<\/div>\n\t\t<\/div>\n\t\t\t\t\t<\/div>\n\t\t<\/section>\n\t\t\t\t<section class=\"elementor-section elementor-top-section elementor-element elementor-element-db04861 elementor-section-boxed elementor-section-height-default elementor-section-height-default\" data-id=\"db04861\" data-element_type=\"section\" data-settings=\"{&quot;background_background&quot;:&quot;gradient&quot;}\">\n\t\t\t\t\t\t\t<div class=\"elementor-background-overlay\"><\/div>\n\t\t\t\t\t\t\t<div class=\"elementor-container elementor-column-gap-default\">\n\t\t\t\t\t<div class=\"elementor-column elementor-col-50 elementor-top-column elementor-element elementor-element-358dbbe\" data-id=\"358dbbe\" data-element_type=\"column\" data-settings=\"{&quot;background_background&quot;:&quot;classic&quot;}\">\n\t\t\t<div class=\"elementor-widget-wrap elementor-element-populated\">\n\t\t\t\t\t<div class=\"elementor-background-overlay\"><\/div>\n\t\t\t\t\t\t<div class=\"elementor-element elementor-element-dd6ea26 elementor-widget__width-auto elementor-widget-mobile__width-auto elementor-absolute elementor-hidden-desktop elementor-hidden-tablet elementor-hidden-mobile elementor-invisible elementor-widget elementor-widget-jkit_video_button\" data-id=\"dd6ea26\" data-element_type=\"widget\" data-settings=\"{&quot;_animation_delay&quot;:300,&quot;_position&quot;:&quot;absolute&quot;,&quot;_animation&quot;:&quot;fadeIn&quot;}\" data-widget_type=\"jkit_video_button.default\">\n\t\t\t\t\t<div  class=\"jeg-elementor-kit jkit-video-button jeg_module___6a0965117a599\"  data-autoplay=\"0\" data-loop=\"0\" data-controls=\"0\" data-type=\"youtube\" data-mute=\"0\" data-start=\"0\" data-end=\"0\"><a href=\"https:\/\/www.youtube.com\/watch?v=MLpWrANjFbI\" class=\"jkit-video-popup-btn glow-enable\" aria-label=\"video-button\" target=\"_blank\" rel=\"noopener\"><span class=\"icon-position-before\"><svg viewBox=\"0 0 448 512\" xmlns=\"http:\/\/www.w3.org\/2000\/svg\"><path d=\"M424.4 214.7L72.4 6.6C43.8-10.3 0 6.1 0 47.9V464c0 37.5 40.7 60.1 72.4 41.3l352-208c31.4-18.5 31.5-64.1 0-82.6z\"><\/path><\/svg><\/span><\/a><\/div>\t\t\t\t<\/div>\n\t\t<div class=\"elementor-element elementor-element-9ccca0e e-con-full e-flex e-con e-parent\" data-id=\"9ccca0e\" data-element_type=\"container\" data-settings=\"{&quot;background_background&quot;:&quot;video&quot;,&quot;background_video_link&quot;:&quot;https:\\\/\\\/spiridonpapatha.wpgamma.com\\\/wp-content\\\/uploads\\\/2025\\\/08\\\/No-mercy.-No-retreat.Samurai-ink-\\u2014-made-for-warriors-\\u2694\\ufe0f.thessalonikitattoo-londontattoo-tat.mp4&quot;,&quot;background_play_on_mobile&quot;:&quot;yes&quot;,&quot;background_video_start&quot;:0}\">\n\t\t<div class=\"elementor-background-video-container\" aria-hidden=\"true\">\n\t\t\t\t\t\t\t<video class=\"elementor-background-video-hosted\" autoplay muted playsinline loop><\/video>\n\t\t\t\t\t<\/div>\t\t<\/div>\n\t\t\t\t<div class=\"elementor-element elementor-element-be124df elementor-widget__width-auto elementor-invisible elementor-widget elementor-widget-image\" data-id=\"be124df\" data-element_type=\"widget\" data-settings=\"{&quot;_animation&quot;:&quot;fadeInLeft&quot;}\" data-widget_type=\"image.default\">\n\t\t\t\t\t\t\t\t\t\t\t\t\t\t\t<img fetchpriority=\"high\" decoding=\"async\" width=\"768\" height=\"1024\" src=\"https:\/\/spiridonpapatha.wpgamma.com\/wp-content\/uploads\/2025\/08\/4B915ABE-443B-4E10-9E07-D9D17DB50670-1-768x1024.png\" class=\"attachment-large size-large wp-image-4416\" alt=\"Londoner Tattoo-K\u00fcnstler\" srcset=\"https:\/\/spiridonpapatha.wpgamma.com\/wp-content\/uploads\/2025\/08\/4B915ABE-443B-4E10-9E07-D9D17DB50670-1-768x1024.png 768w, https:\/\/spiridonpapatha.wpgamma.com\/wp-content\/uploads\/2025\/08\/4B915ABE-443B-4E10-9E07-D9D17DB50670-1-225x300.png 225w, https:\/\/spiridonpapatha.wpgamma.com\/wp-content\/uploads\/2025\/08\/4B915ABE-443B-4E10-9E07-D9D17DB50670-1-1152x1536.png 1152w, https:\/\/spiridonpapatha.wpgamma.com\/wp-content\/uploads\/2025\/08\/4B915ABE-443B-4E10-9E07-D9D17DB50670-1-1536x2048.png 1536w, https:\/\/spiridonpapatha.wpgamma.com\/wp-content\/uploads\/2025\/08\/4B915ABE-443B-4E10-9E07-D9D17DB50670-1-scaled.png 1920w\" sizes=\"(max-width: 768px) 100vw, 768px\" \/>\t\t\t\t\t\t\t\t\t\t\t\t\t\t\t<\/div>\n\t\t\t\t\t<\/div>\n\t\t<\/div>\n\t\t\t\t<div class=\"elementor-column elementor-col-50 elementor-top-column elementor-element elementor-element-7df942b\" data-id=\"7df942b\" data-element_type=\"column\">\n\t\t\t<div class=\"elementor-widget-wrap elementor-element-populated\">\n\t\t\t\t\t\t<div class=\"elementor-element elementor-element-088f4ff elementor-widget elementor-widget-jkit_heading\" data-id=\"088f4ff\" data-element_type=\"widget\" data-widget_type=\"jkit_heading.default\">\n\t\t\t\t\t<div  class=\"jeg-elementor-kit jkit-heading  align- align-tablet-center align-mobile- jeg_module__1_6a0965117db0d\" ><div class=\"heading-section-title  display-inline-block\"><h2 class=\"heading-title\">Willkommen auf meiner Seite<\/h2><\/div><div class=\"heading-section-description\"><p data-start=\"52\" data-end=\"494\"><strong data-start=\"52\" data-end=\"204\">Willkommen auf meiner Seite \u2014 ich bin Spiros Papathanasiou, ein internationaler T\u00e4towierer, urspr\u00fcnglich aus Griechenland, jetzt ans\u00e4ssig in Wien.<\/strong><br data-start=\"204\" data-end=\"207\" \/>Mit \u00fcber 15 Jahren Erfahrung in ganz Europa und dar\u00fcber hinaus spezialisiere ich mich auf Black &amp; Grey Realismus, Cover-up-Tattoos und Feinarbeiten. W\u00e4hrend dies meine Kernkompetenzen sind, lege ich gro\u00dfen Wert darauf, vielseitig zu sein und mich an die Vision jedes Kunden anzupassen.<\/p><p data-start=\"496\" data-end=\"837\">Was mich am meisten inspiriert, sind Tattoos, die eine Geschichte erz\u00e4hlen. Basierend auf meinem Hintergrund und meinen Studien in der Humanpsychologie sehe ich jedes Tattoo als mehr als nur Kunst \u2014 es ist eine Zusammenarbeit, ein Prozess der Mitgestaltung, der pers\u00f6nliche Erfahrungen in etwas Dauerhaftes und Bedeutungsvolles verwandelt.<\/p><p data-start=\"839\" data-end=\"1070\">Egal, ob es sich um ein gro\u00dffl\u00e4chiges Projekt oder ein kleineres, detailliertes St\u00fcck handelt, mein Ziel bleibt immer dasselbe: Tattoos zu schaffen, die nicht nur au\u00dfergew\u00f6hnlich aussehen, sondern auch widerspiegeln, wer du bist.<\/p><\/div><\/div>\t\t\t\t<\/div>\n\t\t\t\t<section class=\"elementor-section elementor-inner-section elementor-element elementor-element-0aa0004 elementor-hidden-tablet elementor-hidden-mobile elementor-section-boxed elementor-section-height-default elementor-section-height-default\" data-id=\"0aa0004\" data-element_type=\"section\">\n\t\t\t\t\t\t<div class=\"elementor-container elementor-column-gap-no\">\n\t\t\t\t\t<div class=\"elementor-column elementor-col-100 elementor-inner-column elementor-element elementor-element-6fc5079\" data-id=\"6fc5079\" data-element_type=\"column\">\n\t\t\t<div class=\"elementor-widget-wrap elementor-element-populated\">\n\t\t\t\t\t\t<div class=\"elementor-element elementor-element-48cca85 elementor-widget elementor-widget-heading\" data-id=\"48cca85\" data-element_type=\"widget\" data-widget_type=\"heading.default\">\n\t\t\t\t\t<h5 class=\"elementor-heading-title elementor-size-default\"> Spiros Papathanasiou<\/h5>\t\t\t\t<\/div>\n\t\t\t\t<div class=\"elementor-element elementor-element-31b6122 elementor-widget-divider--view-line elementor-widget elementor-widget-divider\" data-id=\"31b6122\" data-element_type=\"widget\" data-widget_type=\"divider.default\">\n\t\t\t\t\t\t\t<div class=\"elementor-divider\">\n\t\t\t<span class=\"elementor-divider-separator\">\n\t\t\t\t\t\t<\/span>\n\t\t<\/div>\n\t\t\t\t\t\t<\/div>\n\t\t\t\t<div class=\"elementor-element elementor-element-71e4461 elementor-widget elementor-widget-text-editor\" data-id=\"71e4461\" data-element_type=\"widget\" data-widget_type=\"text-editor.default\">\n\t\t\t\t\t\t\t\t\t<p> Internationaler K\u00fcnstler<\/p>\t\t\t\t\t\t\t\t<\/div>\n\t\t\t\t\t<\/div>\n\t\t<\/div>\n\t\t\t\t\t<\/div>\n\t\t<\/section>\n\t\t<div class=\"elementor-element elementor-element-c4c46fb elementor-hidden-desktop e-flex e-con-boxed e-con e-parent\" data-id=\"c4c46fb\" data-element_type=\"container\">\n\t\t\t\t\t<div class=\"e-con-inner\">\n\t\t\t\t<div class=\"elementor-element elementor-element-e5e9a03 elementor-widget elementor-widget-heading\" data-id=\"e5e9a03\" data-element_type=\"widget\" data-widget_type=\"heading.default\">\n\t\t\t\t\t<h5 class=\"elementor-heading-title elementor-size-default\"> Spiros Papathanasiou<\/h5>\t\t\t\t<\/div>\n\t\t\t\t<div class=\"elementor-element elementor-element-8d93735 elementor-widget-divider--view-line elementor-widget elementor-widget-divider\" data-id=\"8d93735\" data-element_type=\"widget\" data-widget_type=\"divider.default\">\n\t\t\t\t\t\t\t<div class=\"elementor-divider\">\n\t\t\t<span class=\"elementor-divider-separator\">\n\t\t\t\t\t\t<\/span>\n\t\t<\/div>\n\t\t\t\t\t\t<\/div>\n\t\t\t\t<div class=\"elementor-element elementor-element-2546d69 elementor-widget elementor-widget-text-editor\" data-id=\"2546d69\" data-element_type=\"widget\" data-widget_type=\"text-editor.default\">\n\t\t\t\t\t\t\t\t\t<p> Internationaler K\u00fcnstler<\/p>\t\t\t\t\t\t\t\t<\/div>\n\t\t\t\t\t<\/div>\n\t\t\t\t<\/div>\n\t\t\t\t<div class=\"elementor-element elementor-element-55c0502 elementor-widget__width-auto elementor-hidden-desktop elementor-hidden-tablet elementor-hidden-mobile elementor-widget elementor-widget-button\" data-id=\"55c0502\" data-element_type=\"widget\" data-widget_type=\"button.default\">\n\t\t\t\t\t\t\t\t\t\t<a class=\"elementor-button elementor-button-link elementor-size-sm elementor-animation-float\" href=\"https:\/\/spiridonpapatha.wpgamma.com\/de\/ueber-mich\/\">\n\t\t\t\t\t\t<span class=\"elementor-button-content-wrapper\">\n\t\t\t\t\t\t\t\t\t<span class=\"elementor-button-text\">\u00dcBER MICH<\/span>\n\t\t\t\t\t<\/span>\n\t\t\t\t\t<\/a>\n\t\t\t\t\t\t\t\t<\/div>\n\t\t\t\t\t<\/div>\n\t\t<\/div>\n\t\t\t\t\t<\/div>\n\t\t<\/section>\n\t\t\t\t<section class=\"elementor-section elementor-top-section elementor-element elementor-element-63e27ceb elementor-section-boxed elementor-section-height-default elementor-section-height-default\" data-id=\"63e27ceb\" data-element_type=\"section\" data-settings=\"{&quot;background_background&quot;:&quot;gradient&quot;}\">\n\t\t\t\t\t\t\t<div class=\"elementor-background-overlay\"><\/div>\n\t\t\t\t\t\t\t<div class=\"elementor-container elementor-column-gap-no\">\n\t\t\t\t\t<div class=\"elementor-column elementor-col-100 elementor-top-column elementor-element elementor-element-387c116f\" data-id=\"387c116f\" data-element_type=\"column\" data-settings=\"{&quot;background_background&quot;:&quot;classic&quot;}\">\n\t\t\t<div class=\"elementor-widget-wrap elementor-element-populated\">\n\t\t\t\t\t<div class=\"elementor-background-overlay\"><\/div>\n\t\t\t\t\t\t<section class=\"elementor-section elementor-inner-section elementor-element elementor-element-59a8c996 elementor-section-boxed elementor-section-height-default elementor-section-height-default\" data-id=\"59a8c996\" data-element_type=\"section\">\n\t\t\t\t\t\t<div class=\"elementor-container elementor-column-gap-no\">\n\t\t\t\t\t<div class=\"elementor-column elementor-col-50 elementor-inner-column elementor-element elementor-element-522cbadb\" data-id=\"522cbadb\" data-element_type=\"column\">\n\t\t\t<div class=\"elementor-widget-wrap elementor-element-populated\">\n\t\t\t\t\t\t<div class=\"elementor-element elementor-element-1dbced elementor-widget-mobile__width-initial elementor-widget elementor-widget-jkit_heading\" data-id=\"1dbced\" data-element_type=\"widget\" data-widget_type=\"jkit_heading.default\">\n\t\t\t\t\t<div  class=\"jeg-elementor-kit jkit-heading  align- align-tablet- align-mobile-center jeg_module__2_6a0965117edab\" ><div class=\"heading-section-title  display-inline-block\"><h2 class=\"heading-title\">Erschaffe atemberaubende Meisterwerke auf deinem K\u00f6rper<\/h2><\/div><\/div>\t\t\t\t<\/div>\n\t\t\t\t<div class=\"elementor-element elementor-element-6c2b8c8f elementor-widget__width-auto elementor-invisible elementor-widget elementor-widget-button\" data-id=\"6c2b8c8f\" data-element_type=\"widget\" data-settings=\"{&quot;_animation&quot;:&quot;fadeInUp&quot;,&quot;_animation_delay&quot;:300}\" data-widget_type=\"button.default\">\n\t\t\t\t\t\t\t\t\t\t<a class=\"elementor-button elementor-button-link elementor-size-sm elementor-animation-float\" href=\"https:\/\/spiridonpapatha.wpgamma.com\/tattoo-parlour\/\">\n\t\t\t\t\t\t<span class=\"elementor-button-content-wrapper\">\n\t\t\t\t\t\t\t\t\t<span class=\"elementor-button-text\">JETZT BUCHEN<\/span>\n\t\t\t\t\t<\/span>\n\t\t\t\t\t<\/a>\n\t\t\t\t\t\t\t\t<\/div>\n\t\t\t\t\t<\/div>\n\t\t<\/div>\n\t\t\t\t<div class=\"elementor-column elementor-col-50 elementor-inner-column elementor-element elementor-element-3f189668\" data-id=\"3f189668\" data-element_type=\"column\">\n\t\t\t<div class=\"elementor-widget-wrap elementor-element-populated\">\n\t\t\t\t\t\t<div class=\"elementor-element elementor-element-2215c163 elementor-invisible elementor-widget elementor-widget-image-carousel\" data-id=\"2215c163\" data-element_type=\"widget\" data-settings=\"{&quot;slides_to_show&quot;:&quot;1&quot;,&quot;navigation&quot;:&quot;none&quot;,&quot;_animation&quot;:&quot;fadeInRight&quot;,&quot;slides_to_show_tablet&quot;:&quot;1&quot;,&quot;autoplay&quot;:&quot;yes&quot;,&quot;pause_on_hover&quot;:&quot;yes&quot;,&quot;pause_on_interaction&quot;:&quot;yes&quot;,&quot;autoplay_speed&quot;:5000,&quot;infinite&quot;:&quot;yes&quot;,&quot;effect&quot;:&quot;slide&quot;,&quot;speed&quot;:500}\" data-widget_type=\"image-carousel.default\">\n\t\t\t\t\t\t\t<div class=\"elementor-image-carousel-wrapper swiper\" role=\"region\" aria-roledescription=\"carousel\" aria-label=\"Image Carousel\" dir=\"ltr\">\n\t\t\t<div class=\"elementor-image-carousel swiper-wrapper swiper-image-stretch\" aria-live=\"off\">\n\t\t\t\t\t\t\t\t<div class=\"swiper-slide\" role=\"group\" aria-roledescription=\"slide\" aria-label=\"1 von 6\"><figure class=\"swiper-slide-inner\"><img decoding=\"async\" class=\"swiper-slide-image\" src=\"https:\/\/spiridonpapatha.wpgamma.com\/wp-content\/uploads\/2025\/08\/imgi_32_12s6-RnuWEYoD74myciZH6GG9JLB_vcghw929-h901-iv1.jpg\" alt=\"Beste Tattoo-K\u00fcnstler Gro\u00dfbritanniens\" \/><\/figure><\/div><div class=\"swiper-slide\" role=\"group\" aria-roledescription=\"slide\" aria-label=\"2 von 6\"><figure class=\"swiper-slide-inner\"><img decoding=\"async\" class=\"swiper-slide-image\" src=\"https:\/\/spiridonpapatha.wpgamma.com\/wp-content\/uploads\/2025\/08\/IMG_3361-768x1024.jpg\" alt=\"Beste Tattoo-K\u00fcnstler Gro\u00dfbritanniens\" \/><\/figure><\/div><div class=\"swiper-slide\" role=\"group\" aria-roledescription=\"slide\" aria-label=\"3 von 6\"><figure class=\"swiper-slide-inner\"><img decoding=\"async\" class=\"swiper-slide-image\" src=\"https:\/\/spiridonpapatha.wpgamma.com\/wp-content\/uploads\/2025\/08\/IMG_1544-768x1024.jpg\" alt=\"Beste Tattoo-K\u00fcnstler Gro\u00dfbritanniens\" \/><\/figure><\/div><div class=\"swiper-slide\" role=\"group\" aria-roledescription=\"slide\" aria-label=\"4 von 6\"><figure class=\"swiper-slide-inner\"><img decoding=\"async\" class=\"swiper-slide-image\" src=\"https:\/\/spiridonpapatha.wpgamma.com\/wp-content\/uploads\/2025\/08\/Screenshot-2025-08-26-115449.png\" alt=\"Screenshot 2025-08-26 115449\" \/><\/figure><\/div><div class=\"swiper-slide\" role=\"group\" aria-roledescription=\"slide\" aria-label=\"5 von 6\"><figure class=\"swiper-slide-inner\"><img decoding=\"async\" class=\"swiper-slide-image\" src=\"https:\/\/spiridonpapatha.wpgamma.com\/wp-content\/uploads\/2025\/08\/IMG_5259-768x1024.jpg\" alt=\"Beste Tattoo-K\u00fcnstler Gro\u00dfbritanniens\" \/><\/figure><\/div><div class=\"swiper-slide\" role=\"group\" aria-roledescription=\"slide\" aria-label=\"6 von 6\"><figure class=\"swiper-slide-inner\"><img decoding=\"async\" class=\"swiper-slide-image\" src=\"https:\/\/spiridonpapatha.wpgamma.com\/wp-content\/uploads\/2025\/08\/imgi_43_471737329_18474850024061218_5705784078807896670_n-1-819x1024.jpg\" alt=\"Beste Tattoo-K\u00fcnstler Gro\u00dfbritanniens\" \/><\/figure><\/div>\t\t\t<\/div>\n\t\t\t\t\t\t\t\n\t\t\t\t\t\t\t\t\t<\/div>\n\t\t\t\t\t\t<\/div>\n\t\t\t\t\t<\/div>\n\t\t<\/div>\n\t\t\t\t\t<\/div>\n\t\t<\/section>\n\t\t\t\t\t<\/div>\n\t\t<\/div>\n\t\t\t\t\t<\/div>\n\t\t<\/section>\n\t\t\t\t<\/div>\n\t\t","protected":false},"excerpt":{"rendered":"<p>\u00dcber mich Leidenschaftlicher Tattoo-K\u00fcnstler, der sich der Schaffung einzigartiger, hochwertiger Designs verschrieben hat, die Ihre Geschichte, Ihren Stil und Ihren [&hellip;]<\/p>\n","protected":false},"author":1,"featured_media":0,"parent":0,"menu_order":0,"comment_status":"closed","ping_status":"closed","template":"elementor_header_footer","meta":{"site-sidebar-layout":"no-sidebar","site-content-layout":"","ast-site-content-layout":"full-width-container","site-content-style":"default","site-sidebar-style":"default","ast-global-header-display":"","ast-banner-title-visibility":"","ast-main-header-display":"","ast-hfb-above-header-display":"","ast-hfb-below-header-display":"","ast-hfb-mobile-header-display":"","site-post-title":"disabled","ast-breadcrumbs-content":"","ast-featured-img":"disabled","footer-sml-layout":"","theme-transparent-header-meta":"","adv-header-id-meta":"","stick-header-meta":"","header-above-stick-meta":"","header-main-stick-meta":"","header-below-stick-meta":"","astra-migrate-meta-layouts":"default","ast-page-background-enabled":"default","ast-page-background-meta":{"desktop":{"background-color":"var(--ast-global-color-5)","background-image":"","background-repeat":"repeat","background-position":"center center","background-size":"auto","background-attachment":"scroll","background-type":"","background-media":"","overlay-type":"","overlay-color":"","overlay-opacity":"","overlay-gradient":""},"tablet":{"background-color":"","background-image":"","background-repeat":"repeat","background-position":"center center","background-size":"auto","background-attachment":"scroll","background-type":"","background-media":"","overlay-type":"","overlay-color":"","overlay-opacity":"","overlay-gradient":""},"mobile":{"background-color":"","background-image":"","background-repeat":"repeat","background-position":"center center","background-size":"auto","background-attachment":"scroll","background-type":"","background-media":"","overlay-type":"","overlay-color":"","overlay-opacity":"","overlay-gradient":""}},"ast-content-background-meta":{"desktop":{"background-color":"var(--ast-global-color-4)","background-image":"","background-repeat":"repeat","background-position":"center center","background-size":"auto","background-attachment":"scroll","background-type":"","background-media":"","overlay-type":"","overlay-color":"","overlay-opacity":"","overlay-gradient":""},"tablet":{"background-color":"var(--ast-global-color-4)","background-image":"","background-repeat":"repeat","background-position":"center center","background-size":"auto","background-attachment":"scroll","background-type":"","background-media":"","overlay-type":"","overlay-color":"","overlay-opacity":"","overlay-gradient":""},"mobile":{"background-color":"var(--ast-global-color-4)","background-image":"","background-repeat":"repeat","background-position":"center center","background-size":"auto","background-attachment":"scroll","background-type":"","background-media":"","overlay-type":"","overlay-color":"","overlay-opacity":"","overlay-gradient":""}},"footnotes":""},"class_list":["post-4414","page","type-page","status-publish","hentry"],"_links":{"self":[{"href":"https:\/\/spiridonpapatha.wpgamma.com\/de\/wp-json\/wp\/v2\/pages\/4414","targetHints":{"allow":["GET"]}}],"collection":[{"href":"https:\/\/spiridonpapatha.wpgamma.com\/de\/wp-json\/wp\/v2\/pages"}],"about":[{"href":"https:\/\/spiridonpapatha.wpgamma.com\/de\/wp-json\/wp\/v2\/types\/page"}],"author":[{"embeddable":true,"href":"https:\/\/spiridonpapatha.wpgamma.com\/de\/wp-json\/wp\/v2\/users\/1"}],"replies":[{"embeddable":true,"href":"https:\/\/spiridonpapatha.wpgamma.com\/de\/wp-json\/wp\/v2\/comments?post=4414"}],"version-history":[{"count":10,"href":"https:\/\/spiridonpapatha.wpgamma.com\/de\/wp-json\/wp\/v2\/pages\/4414\/revisions"}],"predecessor-version":[{"id":4785,"href":"https:\/\/spiridonpapatha.wpgamma.com\/de\/wp-json\/wp\/v2\/pages\/4414\/revisions\/4785"}],"wp:attachment":[{"href":"https:\/\/spiridonpapatha.wpgamma.com\/de\/wp-json\/wp\/v2\/media?parent=4414"}],"curies":[{"name":"wp","href":"https:\/\/api.w.org\/{rel}","templated":true}]}}