{"id":4328,"date":"2025-09-04T04:47:13","date_gmt":"2025-09-04T04:47:13","guid":{"rendered":"https:\/\/spiridonpapatha.wpgamma.com\/allgemeine-geschaeftsbedingungen\/"},"modified":"2025-12-10T03:23:19","modified_gmt":"2025-12-10T03:23:19","slug":"allgemeine-geschaeftsbedingungen","status":"publish","type":"page","link":"https:\/\/spiridonpapatha.wpgamma.com\/de\/allgemeine-geschaeftsbedingungen\/","title":{"rendered":"Allgemeine Gesch\u00e4ftsbedingungen"},"content":{"rendered":"\t\t<div data-elementor-type=\"wp-page\" data-elementor-id=\"4328\" class=\"elementor elementor-4328 elementor-3369\" data-elementor-post-type=\"page\">\n\t\t\t\t\t\t<section class=\"elementor-section elementor-top-section elementor-element elementor-element-7ebc021a elementor-section-boxed elementor-section-height-default elementor-section-height-default\" data-id=\"7ebc021a\" data-element_type=\"section\" data-settings=\"{&quot;background_background&quot;:&quot;classic&quot;}\">\n\t\t\t\t\t\t\t<div class=\"elementor-background-overlay\"><\/div>\n\t\t\t\t\t\t\t<div class=\"elementor-container elementor-column-gap-default\">\n\t\t\t\t\t<div class=\"elementor-column elementor-col-100 elementor-top-column elementor-element elementor-element-7526222f elementor-invisible\" data-id=\"7526222f\" data-element_type=\"column\" data-settings=\"{&quot;animation&quot;:&quot;fadeIn&quot;,&quot;animation_delay&quot;:300}\">\n\t\t\t<div class=\"elementor-widget-wrap elementor-element-populated\">\n\t\t\t\t\t\t<div class=\"elementor-element elementor-element-2d142bbd elementor-widget elementor-widget-heading\" data-id=\"2d142bbd\" data-element_type=\"widget\" data-widget_type=\"heading.default\">\n\t\t\t\t\t<h1 class=\"elementor-heading-title elementor-size-default\">Allgemeine Gesch\u00e4ftsbedingungen<\/h1>\t\t\t\t<\/div>\n\t\t\t\t\t<\/div>\n\t\t<\/div>\n\t\t\t\t\t<\/div>\n\t\t<\/section>\n\t\t<div class=\"elementor-element elementor-element-2727dab9 e-flex e-con-boxed e-con e-parent\" data-id=\"2727dab9\" data-element_type=\"container\">\n\t\t\t\t\t<div class=\"e-con-inner\">\n\t\t<div class=\"elementor-element elementor-element-2df412d4 e-con-full e-flex e-con e-child\" data-id=\"2df412d4\" data-element_type=\"container\">\n\t\t\t\t<div class=\"elementor-element elementor-element-12004bce elementor-widget elementor-widget-heading\" data-id=\"12004bce\" data-element_type=\"widget\" data-widget_type=\"heading.default\">\n\t\t\t\t\t<h2 class=\"elementor-heading-title elementor-size-default\">1. Buchung &amp; Anzahlungen<\/h2>\t\t\t\t<\/div>\n\t\t\t\t<div class=\"elementor-element elementor-element-5f4d74e2 elementor-widget elementor-widget-text-editor\" data-id=\"5f4d74e2\" data-element_type=\"widget\" data-widget_type=\"text-editor.default\">\n\t\t\t\t\t\t\t\t\t<ul><li data-start=\"255\" data-end=\"336\"><p data-start=\"257\" data-end=\"336\">F\u00fcr alle Buchungen ist eine <strong data-start=\"280\" data-end=\"306\">nicht erstattungsf\u00e4hige Anzahlung<\/strong> erforderlich, um Ihren Termin zu sichern.<\/p><\/li><li data-start=\"337\" data-end=\"406\"><p data-start=\"339\" data-end=\"406\">Anzahlungen werden von den <strong data-start=\"356\" data-end=\"388\">Endkosten Ihres Tattoos abgezogen<\/strong>.<\/p><\/li><li data-start=\"407\" data-end=\"478\"><p data-start=\"409\" data-end=\"478\">Die Zahlung muss <strong data-start=\"430\" data-end=\"452\">am Tag Ihrer Tattoo-Sitzung vollst\u00e4ndig erfolgen<\/strong>.<\/p><\/li><\/ul>\t\t\t\t\t\t\t\t<\/div>\n\t\t\t\t<div class=\"elementor-element elementor-element-77a6fff6 elementor-widget elementor-widget-heading\" data-id=\"77a6fff6\" data-element_type=\"widget\" data-widget_type=\"heading.default\">\n\t\t\t\t\t<h2 class=\"elementor-heading-title elementor-size-default\">2. Stornierungen &amp; Terminverschiebungen\n<\/h2>\t\t\t\t<\/div>\n\t\t\t\t<div class=\"elementor-element elementor-element-1bc62d67 elementor-widget elementor-widget-text-editor\" data-id=\"1bc62d67\" data-element_type=\"widget\" data-widget_type=\"text-editor.default\">\n\t\t\t\t\t\t\t\t\t<ul><li data-start=\"517\" data-end=\"623\"><p data-start=\"519\" data-end=\"623\">Stornierungen m\u00fcssen mindestens <strong data-start=\"555\" data-end=\"578\">72 Stunden im Voraus<\/strong> erfolgen, um den Termin zu verschieben, ohne Ihre Anzahlung zu verlieren.<\/p><\/li><li data-start=\"624\" data-end=\"693\"><p data-start=\"626\" data-end=\"693\"><strong data-start=\"626\" data-end=\"660\">Nichterscheinen oder versp\u00e4tete Stornierungen<\/strong> f\u00fchren zum Verlust der Anzahlung.<\/p><\/li><\/ul>\t\t\t\t\t\t\t\t<\/div>\n\t\t\t\t<div class=\"elementor-element elementor-element-5f6d91f elementor-widget elementor-widget-heading\" data-id=\"5f6d91f\" data-element_type=\"widget\" data-widget_type=\"heading.default\">\n\t\t\t\t\t<h2 class=\"elementor-heading-title elementor-size-default\">3. Zahlungen<\/h2>\t\t\t\t<\/div>\n\t\t\t\t<div class=\"elementor-element elementor-element-50932efb elementor-widget elementor-widget-text-editor\" data-id=\"50932efb\" data-element_type=\"widget\" data-widget_type=\"text-editor.default\">\n\t\t\t\t\t\t\t\t\t<ul><li data-start=\"712\" data-end=\"772\"><p data-start=\"714\" data-end=\"772\">Die Restzahlung ist <strong data-start=\"735\" data-end=\"769\">am Tag Ihres Termins<\/strong> f\u00e4llig.<\/p><\/li><li data-start=\"773\" data-end=\"870\"><p data-start=\"775\" data-end=\"870\">Die Preise basieren auf <strong data-start=\"795\" data-end=\"830\">Gr\u00f6\u00dfe, Detailgenauigkeit und erforderlichem Zeitaufwand<\/strong>. Preisangaben sind Sch\u00e4tzungen und k\u00f6nnen sich \u00e4ndern. <\/p><\/li><\/ul>\t\t\t\t\t\t\t\t<\/div>\n\t\t\t\t<div class=\"elementor-element elementor-element-71f3f333 elementor-widget elementor-widget-heading\" data-id=\"71f3f333\" data-element_type=\"widget\" data-widget_type=\"heading.default\">\n\t\t\t\t\t<h2 class=\"elementor-heading-title elementor-size-default\">4. Gesundheit &amp; Sicherheit<\/h2>\t\t\t\t<\/div>\n\t\t\t\t<div class=\"elementor-element elementor-element-348d7b43 elementor-widget elementor-widget-text-editor\" data-id=\"348d7b43\" data-element_type=\"widget\" data-widget_type=\"text-editor.default\">\n\t\t\t\t\t\t\t\t\t<ul data-start=\"896\" data-end=\"1260\"><li data-start=\"896\" data-end=\"946\"><p data-start=\"898\" data-end=\"946\">Sie m\u00fcssen <strong data-start=\"910\" data-end=\"927\">mindestens 18 Jahre alt sein<\/strong>, um sich t\u00e4towieren zu lassen.<\/p><\/li><li data-start=\"947\" data-end=\"1056\"><p data-start=\"949\" data-end=\"1056\">Bitte informieren Sie uns vor Ihrem Termin \u00fcber <strong data-start=\"973\" data-end=\"1029\">medizinische Bedingungen, Allergien oder Hautempfindlichkeiten<\/strong>.<\/p><\/li><li data-start=\"1057\" data-end=\"1148\"><p data-start=\"1059\" data-end=\"1148\">Wir halten <strong data-start=\"1071\" data-end=\"1099\">strenge Hygienestandards<\/strong> ein und verwenden f\u00fcr jeden Kunden sterilisierte Ger\u00e4te.<\/p><\/li><li data-start=\"1149\" data-end=\"1260\"><p data-start=\"1151\" data-end=\"1260\">Wenn Sie unter dem Einfluss von <strong data-start=\"1185\" data-end=\"1205\">Drogen oder Alkohol<\/strong> stehen, wird der Service verweigert und Ihre Anzahlung verf\u00e4llt.<\/p><\/li><\/ul>\t\t\t\t\t\t\t\t<\/div>\n\t\t\t\t<div class=\"elementor-element elementor-element-1d9c8c73 elementor-widget elementor-widget-heading\" data-id=\"1d9c8c73\" data-element_type=\"widget\" data-widget_type=\"heading.default\">\n\t\t\t\t\t<h2 class=\"elementor-heading-title elementor-size-default\">5. Haftung<\/h2>\t\t\t\t<\/div>\n\t\t\t\t<div class=\"elementor-element elementor-element-13b6e093 elementor-widget elementor-widget-text-editor\" data-id=\"13b6e093\" data-element_type=\"widget\" data-widget_type=\"text-editor.default\">\n\t\t\t\t\t\t\t\t\t<ul><li data-start=\"1280\" data-end=\"1356\"><p data-start=\"1282\" data-end=\"1356\"><span style=\"font-weight: 400;\">T\u00e4towierungen sind dauerhaft, und mit der Fortsetzung best\u00e4tigen Sie dieses Risiko.<\/span><\/p><\/li><li data-start=\"1357\" data-end=\"1511\"><p data-start=\"1359\" data-end=\"1426\"><span style=\"font-weight: 400;\">Unser Studio ist nicht verantwortlich f\u00fcr Komplikationen, die durch die Nichteinhaltung der Nachsorge oder durch nicht offengelegte Gesundheitsprobleme entstehen<\/span><span style=\"font-weight: 400;\"><b>.<\/b><\/span><\/p><\/li><\/ul>\t\t\t\t\t\t\t\t<\/div>\n\t\t\t\t<div class=\"elementor-element elementor-element-7529f43d elementor-widget elementor-widget-heading\" data-id=\"7529f43d\" data-element_type=\"widget\" data-widget_type=\"heading.default\">\n\t\t\t\t\t<h2 class=\"elementor-heading-title elementor-size-default\">6. Tattoo-Design &amp; Kunstwerk<\/h2>\t\t\t\t<\/div>\n\t\t\t\t<div class=\"elementor-element elementor-element-350adfc3 elementor-widget elementor-widget-text-editor\" data-id=\"350adfc3\" data-element_type=\"widget\" data-widget_type=\"text-editor.default\">\n\t\t\t\t\t\t\t\t\t<ul><li data-start=\"1545\" data-end=\"1612\"><p data-start=\"1547\" data-end=\"1612\">Alle Designs bleiben das <strong data-start=\"1570\" data-end=\"1595\">geistige Eigentum<\/strong> des K\u00fcnstlers.<\/p><\/li><li data-start=\"1613\" data-end=\"1700\"><p data-start=\"1615\" data-end=\"1700\">Individuelle Kunstwerke werden speziell f\u00fcr Sie erstellt und d\u00fcrfen nicht anderweitig vervielf\u00e4ltigt werden.<\/p><\/li><li data-start=\"1701\" data-end=\"1790\"><p data-start=\"1703\" data-end=\"1790\">Geringf\u00fcgige Anpassungen k\u00f6nnen vorgenommen werden, aber <strong data-start=\"1738\" data-end=\"1757\">umfangreiche \u00dcberarbeitungen<\/strong> k\u00f6nnen eine zus\u00e4tzliche Geb\u00fchr erfordern.<\/p><\/li><\/ul>\t\t\t\t\t\t\t\t<\/div>\n\t\t\t\t<div class=\"elementor-element elementor-element-b9a3b57 elementor-widget elementor-widget-heading\" data-id=\"b9a3b57\" data-element_type=\"widget\" data-widget_type=\"heading.default\">\n\t\t\t\t\t<h2 class=\"elementor-heading-title elementor-size-default\">Mit der Buchung stimmen Sie diesen Bedingungen zu.<\/h2>\t\t\t\t<\/div>\n\t\t\t\t<\/div>\n\t\t\t\t\t<\/div>\n\t\t\t\t<\/div>\n\t\t\t\t<\/div>\n\t\t","protected":false},"excerpt":{"rendered":"<p>Allgemeine Gesch\u00e4ftsbedingungen 1. Buchung &amp; Anzahlungen F\u00fcr alle Buchungen ist eine nicht erstattungsf\u00e4hige Anzahlung erforderlich, um Ihren Termin zu sichern. [&hellip;]<\/p>\n","protected":false},"author":1,"featured_media":0,"parent":0,"menu_order":0,"comment_status":"closed","ping_status":"closed","template":"elementor_header_footer","meta":{"site-sidebar-layout":"no-sidebar","site-content-layout":"","ast-site-content-layout":"full-width-container","site-content-style":"default","site-sidebar-style":"default","ast-global-header-display":"","ast-banner-title-visibility":"","ast-main-header-display":"","ast-hfb-above-header-display":"","ast-hfb-below-header-display":"","ast-hfb-mobile-header-display":"","site-post-title":"disabled","ast-breadcrumbs-content":"","ast-featured-img":"disabled","footer-sml-layout":"","theme-transparent-header-meta":"","adv-header-id-meta":"","stick-header-meta":"","header-above-stick-meta":"","header-main-stick-meta":"","header-below-stick-meta":"","astra-migrate-meta-layouts":"default","ast-page-background-enabled":"default","ast-page-background-meta":{"desktop":{"background-color":"var(--ast-global-color-5)","background-image":"","background-repeat":"repeat","background-position":"center center","background-size":"auto","background-attachment":"scroll","background-type":"","background-media":"","overlay-type":"","overlay-color":"","overlay-opacity":"","overlay-gradient":""},"tablet":{"background-color":"","background-image":"","background-repeat":"repeat","background-position":"center center","background-size":"auto","background-attachment":"scroll","background-type":"","background-media":"","overlay-type":"","overlay-color":"","overlay-opacity":"","overlay-gradient":""},"mobile":{"background-color":"","background-image":"","background-repeat":"repeat","background-position":"center center","background-size":"auto","background-attachment":"scroll","background-type":"","background-media":"","overlay-type":"","overlay-color":"","overlay-opacity":"","overlay-gradient":""}},"ast-content-background-meta":{"desktop":{"background-color":"var(--ast-global-color-4)","background-image":"","background-repeat":"repeat","background-position":"center center","background-size":"auto","background-attachment":"scroll","background-type":"","background-media":"","overlay-type":"","overlay-color":"","overlay-opacity":"","overlay-gradient":""},"tablet":{"background-color":"var(--ast-global-color-4)","background-image":"","background-repeat":"repeat","background-position":"center center","background-size":"auto","background-attachment":"scroll","background-type":"","background-media":"","overlay-type":"","overlay-color":"","overlay-opacity":"","overlay-gradient":""},"mobile":{"background-color":"var(--ast-global-color-4)","background-image":"","background-repeat":"repeat","background-position":"center center","background-size":"auto","background-attachment":"scroll","background-type":"","background-media":"","overlay-type":"","overlay-color":"","overlay-opacity":"","overlay-gradient":""}},"footnotes":""},"class_list":["post-4328","page","type-page","status-publish","hentry"],"_links":{"self":[{"href":"https:\/\/spiridonpapatha.wpgamma.com\/de\/wp-json\/wp\/v2\/pages\/4328","targetHints":{"allow":["GET"]}}],"collection":[{"href":"https:\/\/spiridonpapatha.wpgamma.com\/de\/wp-json\/wp\/v2\/pages"}],"about":[{"href":"https:\/\/spiridonpapatha.wpgamma.com\/de\/wp-json\/wp\/v2\/types\/page"}],"author":[{"embeddable":true,"href":"https:\/\/spiridonpapatha.wpgamma.com\/de\/wp-json\/wp\/v2\/users\/1"}],"replies":[{"embeddable":true,"href":"https:\/\/spiridonpapatha.wpgamma.com\/de\/wp-json\/wp\/v2\/comments?post=4328"}],"version-history":[{"count":1,"href":"https:\/\/spiridonpapatha.wpgamma.com\/de\/wp-json\/wp\/v2\/pages\/4328\/revisions"}],"predecessor-version":[{"id":4331,"href":"https:\/\/spiridonpapatha.wpgamma.com\/de\/wp-json\/wp\/v2\/pages\/4328\/revisions\/4331"}],"wp:attachment":[{"href":"https:\/\/spiridonpapatha.wpgamma.com\/de\/wp-json\/wp\/v2\/media?parent=4328"}],"curies":[{"name":"wp","href":"https:\/\/api.w.org\/{rel}","templated":true}]}}