{"id":4322,"date":"2025-09-04T04:06:40","date_gmt":"2025-09-04T04:06:40","guid":{"rendered":"https:\/\/spiridonpapatha.wpgamma.com\/datenschutzrichtlinie2\/"},"modified":"2025-12-10T03:23:14","modified_gmt":"2025-12-10T03:23:14","slug":"datenschutzrichtlinie2","status":"publish","type":"page","link":"https:\/\/spiridonpapatha.wpgamma.com\/de\/datenschutzrichtlinie2\/","title":{"rendered":"Datenschutzrichtlinie2"},"content":{"rendered":"\t\t<div data-elementor-type=\"wp-page\" data-elementor-id=\"4322\" class=\"elementor elementor-4322 elementor-3312\" data-elementor-post-type=\"page\">\n\t\t\t\t\t\t<section class=\"elementor-section elementor-top-section elementor-element elementor-element-4681d3ee elementor-section-boxed elementor-section-height-default elementor-section-height-default\" data-id=\"4681d3ee\" data-element_type=\"section\" data-settings=\"{&quot;background_background&quot;:&quot;classic&quot;}\">\n\t\t\t\t\t\t\t<div class=\"elementor-background-overlay\"><\/div>\n\t\t\t\t\t\t\t<div class=\"elementor-container elementor-column-gap-default\">\n\t\t\t\t\t<div class=\"elementor-column elementor-col-100 elementor-top-column elementor-element elementor-element-4bd72f39 elementor-invisible\" data-id=\"4bd72f39\" data-element_type=\"column\" data-settings=\"{&quot;animation&quot;:&quot;fadeIn&quot;,&quot;animation_delay&quot;:300}\">\n\t\t\t<div class=\"elementor-widget-wrap elementor-element-populated\">\n\t\t\t\t\t\t<div class=\"elementor-element elementor-element-4ce3852 elementor-widget elementor-widget-heading\" data-id=\"4ce3852\" data-element_type=\"widget\" data-widget_type=\"heading.default\">\n\t\t\t\t\t<h1 class=\"elementor-heading-title elementor-size-default\">Datenschutzrichtlinie <\/h1>\t\t\t\t<\/div>\n\t\t\t\t\t<\/div>\n\t\t<\/div>\n\t\t\t\t\t<\/div>\n\t\t<\/section>\n\t\t<div class=\"elementor-element elementor-element-1ec5660 e-flex e-con-boxed e-con e-parent\" data-id=\"1ec5660\" data-element_type=\"container\">\n\t\t\t\t\t<div class=\"e-con-inner\">\n\t\t\t\t<div class=\"elementor-element elementor-element-408fc41 elementor-widget elementor-widget-text-editor\" data-id=\"408fc41\" data-element_type=\"widget\" data-widget_type=\"text-editor.default\">\n\t\t\t\t\t\t\t\t\t\n<p><span style=\"font-weight: 400;\">Wir respektieren Ihre Privatsph\u00e4re. Alle pers\u00f6nlichen Informationen, die Sie angeben \u2013 wie Ihr Name, Ihre E-Mail-Adresse, Ihre Telefonnummer oder Gesundheitsinformationen f\u00fcr Tattoo-Eingriffe \u2013 werden nur f\u00fcr Buchungen, Kommunikation und die Gew\u00e4hrleistung einer sicheren Praxis verwendet.<\/span><\/p>\n<p><span style=\"font-weight: 400;\">Wir verkaufen oder teilen Ihre Daten nicht an Dritte. Alle Informationen werden sicher gespeichert und sind nur f\u00fcr den K\u00fcnstler zug\u00e4nglich. Sie k\u00f6nnen jederzeit die Aktualisierung oder L\u00f6schung Ihrer Daten beantragen, indem Sie uns unter https:\/\/spiridonpapatha.wpgamma.com\/ kontaktieren.<\/span><\/p>\n<p><span style=\"font-weight: 400;\">Durch die Nutzung dieser Website und die Buchung eines Tattoos stimmen Sie dieser Richtlinie zu.<\/span><\/p>\t\t\t\t\t\t\t\t<\/div>\n\t\t\t\t\t<\/div>\n\t\t\t\t<\/div>\n\t\t\t\t<\/div>\n\t\t","protected":false},"excerpt":{"rendered":"<p>Datenschutzrichtlinie Wir respektieren Ihre Privatsph\u00e4re. Alle pers\u00f6nlichen Informationen, die Sie angeben \u2013 wie Ihr Name, Ihre E-Mail-Adresse, Ihre Telefonnummer oder [&hellip;]<\/p>\n","protected":false},"author":1,"featured_media":0,"parent":0,"menu_order":0,"comment_status":"closed","ping_status":"closed","template":"elementor_header_footer","meta":{"site-sidebar-layout":"no-sidebar","site-content-layout":"","ast-site-content-layout":"full-width-container","site-content-style":"default","site-sidebar-style":"default","ast-global-header-display":"","ast-banner-title-visibility":"","ast-main-header-display":"","ast-hfb-above-header-display":"","ast-hfb-below-header-display":"","ast-hfb-mobile-header-display":"","site-post-title":"disabled","ast-breadcrumbs-content":"","ast-featured-img":"disabled","footer-sml-layout":"","theme-transparent-header-meta":"","adv-header-id-meta":"","stick-header-meta":"","header-above-stick-meta":"","header-main-stick-meta":"","header-below-stick-meta":"","astra-migrate-meta-layouts":"default","ast-page-background-enabled":"default","ast-page-background-meta":{"desktop":{"background-color":"var(--ast-global-color-5)","background-image":"","background-repeat":"repeat","background-position":"center center","background-size":"auto","background-attachment":"scroll","background-type":"","background-media":"","overlay-type":"","overlay-color":"","overlay-opacity":"","overlay-gradient":""},"tablet":{"background-color":"","background-image":"","background-repeat":"repeat","background-position":"center center","background-size":"auto","background-attachment":"scroll","background-type":"","background-media":"","overlay-type":"","overlay-color":"","overlay-opacity":"","overlay-gradient":""},"mobile":{"background-color":"","background-image":"","background-repeat":"repeat","background-position":"center center","background-size":"auto","background-attachment":"scroll","background-type":"","background-media":"","overlay-type":"","overlay-color":"","overlay-opacity":"","overlay-gradient":""}},"ast-content-background-meta":{"desktop":{"background-color":"var(--ast-global-color-4)","background-image":"","background-repeat":"repeat","background-position":"center center","background-size":"auto","background-attachment":"scroll","background-type":"","background-media":"","overlay-type":"","overlay-color":"","overlay-opacity":"","overlay-gradient":""},"tablet":{"background-color":"var(--ast-global-color-4)","background-image":"","background-repeat":"repeat","background-position":"center center","background-size":"auto","background-attachment":"scroll","background-type":"","background-media":"","overlay-type":"","overlay-color":"","overlay-opacity":"","overlay-gradient":""},"mobile":{"background-color":"var(--ast-global-color-4)","background-image":"","background-repeat":"repeat","background-position":"center center","background-size":"auto","background-attachment":"scroll","background-type":"","background-media":"","overlay-type":"","overlay-color":"","overlay-opacity":"","overlay-gradient":""}},"footnotes":""},"class_list":["post-4322","page","type-page","status-publish","hentry"],"_links":{"self":[{"href":"https:\/\/spiridonpapatha.wpgamma.com\/de\/wp-json\/wp\/v2\/pages\/4322","targetHints":{"allow":["GET"]}}],"collection":[{"href":"https:\/\/spiridonpapatha.wpgamma.com\/de\/wp-json\/wp\/v2\/pages"}],"about":[{"href":"https:\/\/spiridonpapatha.wpgamma.com\/de\/wp-json\/wp\/v2\/types\/page"}],"author":[{"embeddable":true,"href":"https:\/\/spiridonpapatha.wpgamma.com\/de\/wp-json\/wp\/v2\/users\/1"}],"replies":[{"embeddable":true,"href":"https:\/\/spiridonpapatha.wpgamma.com\/de\/wp-json\/wp\/v2\/comments?post=4322"}],"version-history":[{"count":3,"href":"https:\/\/spiridonpapatha.wpgamma.com\/de\/wp-json\/wp\/v2\/pages\/4322\/revisions"}],"predecessor-version":[{"id":4327,"href":"https:\/\/spiridonpapatha.wpgamma.com\/de\/wp-json\/wp\/v2\/pages\/4322\/revisions\/4327"}],"wp:attachment":[{"href":"https:\/\/spiridonpapatha.wpgamma.com\/de\/wp-json\/wp\/v2\/media?parent=4322"}],"curies":[{"name":"wp","href":"https:\/\/api.w.org\/{rel}","templated":true}]}}