{"id":4313,"date":"2025-09-04T05:03:56","date_gmt":"2025-09-04T05:03:56","guid":{"rendered":"https:\/\/spiridonpapatha.wpgamma.com\/haftungsausschluss\/"},"modified":"2025-12-10T03:23:04","modified_gmt":"2025-12-10T03:23:04","slug":"haftungsausschluss","status":"publish","type":"page","link":"https:\/\/spiridonpapatha.wpgamma.com\/de\/haftungsausschluss\/","title":{"rendered":"Haftungsausschluss"},"content":{"rendered":"\t\t<div data-elementor-type=\"wp-page\" data-elementor-id=\"4313\" class=\"elementor elementor-4313 elementor-3386\" data-elementor-post-type=\"page\">\n\t\t\t\t\t\t<section class=\"elementor-section elementor-top-section elementor-element elementor-element-2698bb6a elementor-section-boxed elementor-section-height-default elementor-section-height-default\" data-id=\"2698bb6a\" data-element_type=\"section\" data-settings=\"{&quot;background_background&quot;:&quot;classic&quot;}\">\n\t\t\t\t\t\t\t<div class=\"elementor-background-overlay\"><\/div>\n\t\t\t\t\t\t\t<div class=\"elementor-container elementor-column-gap-default\">\n\t\t\t\t\t<div class=\"elementor-column elementor-col-100 elementor-top-column elementor-element elementor-element-216fbe5b elementor-invisible\" data-id=\"216fbe5b\" data-element_type=\"column\" data-settings=\"{&quot;animation&quot;:&quot;fadeIn&quot;,&quot;animation_delay&quot;:300}\">\n\t\t\t<div class=\"elementor-widget-wrap elementor-element-populated\">\n\t\t\t\t\t\t<div class=\"elementor-element elementor-element-573c66d0 elementor-widget elementor-widget-heading\" data-id=\"573c66d0\" data-element_type=\"widget\" data-widget_type=\"heading.default\">\n\t\t\t\t\t<h1 class=\"elementor-heading-title elementor-size-default\">Haftungsausschluss<\/h1>\t\t\t\t<\/div>\n\t\t\t\t\t<\/div>\n\t\t<\/div>\n\t\t\t\t\t<\/div>\n\t\t<\/section>\n\t\t<div class=\"elementor-element elementor-element-748548b e-flex e-con-boxed e-con e-parent\" data-id=\"748548b\" data-element_type=\"container\">\n\t\t\t\t\t<div class=\"e-con-inner\">\n\t\t\t\t<div class=\"elementor-element elementor-element-3c2d0662 elementor-widget elementor-widget-text-editor\" data-id=\"3c2d0662\" data-element_type=\"widget\" data-widget_type=\"text-editor.default\">\n\t\t\t\t\t\t\t\t\t<p data-start=\"93\" data-end=\"184\">Tattoos sind dauerhaft. Die Ergebnisse k\u00f6nnen je nach Hauttyp, Nachsorge und Lebensstil variieren.<\/p><p data-start=\"186\" data-end=\"365\">Obwohl alle Vorsichtsma\u00dfnahmen getroffen werden, um eine sichere und hygienische Praxis zu gew\u00e4hrleisten, kann der K\u00fcnstler nicht f\u00fcr eine unsachgem\u00e4\u00dfe Heilung verantwortlich gemacht werden, die auf die Nichtbeachtung der Nachsorgeanweisungen zur\u00fcckzuf\u00fchren ist.<\/p><p data-start=\"367\" data-end=\"404\">Tattoo-Anzahlungen sind nicht erstattungsf\u00e4hig.<\/p><p data-start=\"406\" data-end=\"566\">Der K\u00fcnstler beh\u00e4lt sich das Recht vor, den Service zu verweigern, wenn ein Kunde minderj\u00e4hrig ist, unter dem Einfluss von Drogen\/Alkohol steht oder aus gesundheitlichen Gr\u00fcnden f\u00fcr eine T\u00e4towierung ungeeignet ist.<\/p>\t\t\t\t\t\t\t\t<\/div>\n\t\t\t\t\t<\/div>\n\t\t\t\t<\/div>\n\t\t\t\t<\/div>\n\t\t","protected":false},"excerpt":{"rendered":"<p>Haftungsausschluss Tattoos sind dauerhaft. Die Ergebnisse k\u00f6nnen je nach Hauttyp, Nachsorge und Lebensstil variieren. Obwohl alle Vorsichtsma\u00dfnahmen getroffen werden, um [&hellip;]<\/p>\n","protected":false},"author":1,"featured_media":0,"parent":0,"menu_order":0,"comment_status":"closed","ping_status":"closed","template":"elementor_header_footer","meta":{"site-sidebar-layout":"no-sidebar","site-content-layout":"","ast-site-content-layout":"full-width-container","site-content-style":"default","site-sidebar-style":"default","ast-global-header-display":"","ast-banner-title-visibility":"","ast-main-header-display":"","ast-hfb-above-header-display":"","ast-hfb-below-header-display":"","ast-hfb-mobile-header-display":"","site-post-title":"disabled","ast-breadcrumbs-content":"","ast-featured-img":"disabled","footer-sml-layout":"","theme-transparent-header-meta":"","adv-header-id-meta":"","stick-header-meta":"","header-above-stick-meta":"","header-main-stick-meta":"","header-below-stick-meta":"","astra-migrate-meta-layouts":"default","ast-page-background-enabled":"default","ast-page-background-meta":{"desktop":{"background-color":"var(--ast-global-color-5)","background-image":"","background-repeat":"repeat","background-position":"center center","background-size":"auto","background-attachment":"scroll","background-type":"","background-media":"","overlay-type":"","overlay-color":"","overlay-opacity":"","overlay-gradient":""},"tablet":{"background-color":"","background-image":"","background-repeat":"repeat","background-position":"center center","background-size":"auto","background-attachment":"scroll","background-type":"","background-media":"","overlay-type":"","overlay-color":"","overlay-opacity":"","overlay-gradient":""},"mobile":{"background-color":"","background-image":"","background-repeat":"repeat","background-position":"center center","background-size":"auto","background-attachment":"scroll","background-type":"","background-media":"","overlay-type":"","overlay-color":"","overlay-opacity":"","overlay-gradient":""}},"ast-content-background-meta":{"desktop":{"background-color":"var(--ast-global-color-4)","background-image":"","background-repeat":"repeat","background-position":"center center","background-size":"auto","background-attachment":"scroll","background-type":"","background-media":"","overlay-type":"","overlay-color":"","overlay-opacity":"","overlay-gradient":""},"tablet":{"background-color":"var(--ast-global-color-4)","background-image":"","background-repeat":"repeat","background-position":"center center","background-size":"auto","background-attachment":"scroll","background-type":"","background-media":"","overlay-type":"","overlay-color":"","overlay-opacity":"","overlay-gradient":""},"mobile":{"background-color":"var(--ast-global-color-4)","background-image":"","background-repeat":"repeat","background-position":"center center","background-size":"auto","background-attachment":"scroll","background-type":"","background-media":"","overlay-type":"","overlay-color":"","overlay-opacity":"","overlay-gradient":""}},"footnotes":""},"class_list":["post-4313","page","type-page","status-publish","hentry"],"_links":{"self":[{"href":"https:\/\/spiridonpapatha.wpgamma.com\/de\/wp-json\/wp\/v2\/pages\/4313","targetHints":{"allow":["GET"]}}],"collection":[{"href":"https:\/\/spiridonpapatha.wpgamma.com\/de\/wp-json\/wp\/v2\/pages"}],"about":[{"href":"https:\/\/spiridonpapatha.wpgamma.com\/de\/wp-json\/wp\/v2\/types\/page"}],"author":[{"embeddable":true,"href":"https:\/\/spiridonpapatha.wpgamma.com\/de\/wp-json\/wp\/v2\/users\/1"}],"replies":[{"embeddable":true,"href":"https:\/\/spiridonpapatha.wpgamma.com\/de\/wp-json\/wp\/v2\/comments?post=4313"}],"version-history":[{"count":1,"href":"https:\/\/spiridonpapatha.wpgamma.com\/de\/wp-json\/wp\/v2\/pages\/4313\/revisions"}],"predecessor-version":[{"id":4318,"href":"https:\/\/spiridonpapatha.wpgamma.com\/de\/wp-json\/wp\/v2\/pages\/4313\/revisions\/4318"}],"wp:attachment":[{"href":"https:\/\/spiridonpapatha.wpgamma.com\/de\/wp-json\/wp\/v2\/media?parent=4313"}],"curies":[{"name":"wp","href":"https:\/\/api.w.org\/{rel}","templated":true}]}}